{"id":1466,"date":"2019-02-05T11:46:39","date_gmt":"2019-02-05T10:46:39","guid":{"rendered":"http:\/\/www.certilingua.net\/?page_id=1466"},"modified":"2024-03-04T10:19:18","modified_gmt":"2024-03-04T09:19:18","slug":"estonian","status":"publish","type":"page","link":"https:\/\/www.certilingua.net\/?page_id=1466","title":{"rendered":"Eesti"},"content":{"rendered":"\n<p>CertiLingua dokumendid moodustavad CertiLingua programmi aluse. Dokumendid jagunevad <strong>CertiLingua aastakonverentsi resolutsioonideks<\/strong> ja <strong>t\u00e4iendavateks dokumentideks<\/strong>.<\/p>\n\n\n\n<p><strong>1. CertiLingua aastakonverentsi resolutsioonid<\/strong><\/p>\n\n\n\n<p>Resolutsioonid v\u00f5etakse \u00fcheh\u00e4\u00e4lselt vastu CertiLingua aastakonverentsil, kus h\u00e4\u00e4letavad vaid CertiLingua liikmesriikide ametlikud esindajad. \u00dcheh\u00e4\u00e4lsed otsused tagavad, et programmi olemusest, eesm\u00e4rkidest ja kvaliteedistandardist saadakse aru sarnasel moel. Resolutsioonid on liikmesriikidele siduvad.<\/p>\n\n\n\n<p><strong>2. T\u00e4iendavad dokumendid<\/strong><\/p>\n\n\n\n<p>T\u00e4iendavad dokumendid annavad lisainfot ja toetavad CertiLingua programmi rakendamist, kuid ei ole liikmesriikidele siduvad.<\/p>\n\n\n\n<h3 class=\"wp-block-heading\"><strong>CertiLingua programmi \u00fclevaade<\/strong><\/h3>\n\n\n\n<figure class=\"wp-block-table\"><table><tbody><tr><td><strong>K\u00f5ik programmi ametlikud dokumendid on \u00e4ra toodud<\/strong><\/td><td><strong><a href=\"https:\/\/www.certilingua.net\/wp-content\/uploads\/2019\/10\/CertiLingua-programmi-\u00fclevaade_Final.pdf\">C<\/a><a href=\"https:\/\/www.certilingua.net\/wp-content\/uploads\/2024\/03\/CertiLingua-programmi-uelevaade-2024.pdf\" target=\"_blank\" rel=\"noopener\" title=\"\">ertiLingua programmi \u00fclevaates<\/a><\/strong><\/td><\/tr><\/tbody><\/table><\/figure>\n\n\n\n<p><\/p>\n","protected":false},"excerpt":{"rendered":"<p>CertiLingua dokumendid moodustavad CertiLingua programmi aluse. Dokumendid jagunevad CertiLingua aastakonverentsi resolutsioonideks ja t\u00e4iendavateks dokumentideks. 1. CertiLingua aastakonverentsi resolutsioonid Resolutsioonid v\u00f5etakse \u00fcheh\u00e4\u00e4lselt vastu CertiLingua aastakonverentsil, kus h\u00e4\u00e4letavad vaid CertiLingua liikmesriikide ametlikud esindajad. \u00dcheh\u00e4\u00e4lsed otsused tagavad, et programmi olemusest, eesm\u00e4rkidest ja kvaliteedistandardist saadakse aru sarnasel moel. Resolutsioonid on liikmesriikidele siduvad. 2. T\u00e4iendavad dokumendid T\u00e4iendavad dokumendid annavad lisainfot [&hellip;]<\/p>\n","protected":false},"author":2,"featured_media":0,"parent":0,"menu_order":0,"comment_status":"closed","ping_status":"closed","template":"","meta":{"footnotes":""},"aioseo_notices":[],"_links":{"self":[{"href":"https:\/\/www.certilingua.net\/index.php?rest_route=\/wp\/v2\/pages\/1466"}],"collection":[{"href":"https:\/\/www.certilingua.net\/index.php?rest_route=\/wp\/v2\/pages"}],"about":[{"href":"https:\/\/www.certilingua.net\/index.php?rest_route=\/wp\/v2\/types\/page"}],"author":[{"embeddable":true,"href":"https:\/\/www.certilingua.net\/index.php?rest_route=\/wp\/v2\/users\/2"}],"replies":[{"embeddable":true,"href":"https:\/\/www.certilingua.net\/index.php?rest_route=%2Fwp%2Fv2%2Fcomments&post=1466"}],"version-history":[{"count":15,"href":"https:\/\/www.certilingua.net\/index.php?rest_route=\/wp\/v2\/pages\/1466\/revisions"}],"predecessor-version":[{"id":2338,"href":"https:\/\/www.certilingua.net\/index.php?rest_route=\/wp\/v2\/pages\/1466\/revisions\/2338"}],"wp:attachment":[{"href":"https:\/\/www.certilingua.net\/index.php?rest_route=%2Fwp%2Fv2%2Fmedia&parent=1466"}],"curies":[{"name":"wp","href":"https:\/\/api.w.org\/{rel}","templated":true}]}}