{"id":221,"date":"2015-08-18T23:24:46","date_gmt":"2015-08-18T21:24:46","guid":{"rendered":"http:\/\/www.certilingua.net\/?page_id=221"},"modified":"2026-04-17T09:16:16","modified_gmt":"2026-04-17T07:16:16","slug":"certilingua-nordrhein-westfalen","status":"publish","type":"page","link":"https:\/\/www.certilingua.net\/?page_id=221","title":{"rendered":"Nordrhein-Westfalen"},"content":{"rendered":"\n<p><strong>country representative<\/strong><\/p>\n\n\n\n<p>Mrs Silke Hinz <\/p>\n\n\n\n<p>Ministerium f\u00fcr Schule und Bildung des Landes Nordrhein-Westfalen <br>V\u00f6lklinger Stra\u00dfe 49 <br>40221 D\u00fcsseldorf <br>+49 (0)211-5867-3450 <br>certilingua@msb.nrw.de<\/p>\n\n\n\n<p><strong>Ansprechpartnerinnen und -partner in den Bezirksregierungen<\/strong><br> <br><\/p>\n\n\n\n<div class=\"wp-block-group is-layout-constrained wp-block-group-is-layout-constrained\"><div class=\"wp-block-group__inner-container\">\n<div class=\"wp-block-columns is-layout-flex wp-container-core-columns-layout-3 wp-block-columns-is-layout-flex\">\n<div class=\"wp-block-column is-vertically-aligned-bottom is-layout-flow wp-block-column-is-layout-flow\" style=\"flex-basis:100%\">\n<div class=\"wp-block-columns is-layout-flex wp-container-core-columns-layout-2 wp-block-columns-is-layout-flex\">\n<div class=\"wp-block-column is-layout-flow wp-block-column-is-layout-flow\" style=\"flex-basis:100%\">\n<div class=\"wp-block-group is-vertical is-layout-flex wp-container-core-group-layout-1 wp-block-group-is-layout-flex\">\n<div class=\"wp-block-columns is-layout-flex wp-container-core-columns-layout-1 wp-block-columns-is-layout-flex\">\n<div class=\"wp-block-column is-vertically-aligned-top is-layout-flow wp-block-column-is-layout-flow\" style=\"flex-basis:100%\">\n<figure class=\"wp-block-table\" style=\"font-size:15px\"><table class=\"has-fixed-layout\"><tbody><tr><td>Arnsberg<\/td><td>Detmold<\/td><td>D\u00fcsseldorf<\/td><td>K\u00f6ln <\/td><td>M\u00fcnster<\/td><\/tr><tr><td>Herr LRSD <br>Dr. Mathias Balliet<br>Tel. 02931\/823512<br>mathias.balliet@bra.nrw.de<\/td><td>Frau LRSD&#8217;in <br>Monika Kabst<br>Tel. 05231\/714301<br>monika.kabst@bezreg-detmold.nrw.de<\/td><td>Herr OStD <br>Michael Anger<br>Tel. 0211\/4754317<br>michael.anger@brd.nrw.de<\/td><td><br><br>Frau LRSD&#8217;in <br>Birgit Willenbrink<br>Tel. 0221\/1472466 birgit.willenbrink@ bezreg-koeln.nrw.de<br><br><\/td><td>Herr LRSD <br>Thomas Henrichs<br>Tel. 0251\/4113270 thomas.henrichs@bezreg-muenster.nrw.de<\/td><\/tr><\/tbody><\/table><\/figure>\n<\/div>\n<\/div>\n<\/div>\n<\/div>\n<\/div>\n<\/div>\n<\/div>\n<\/div><\/div>\n\n\n\n<div class=\"wp-block-group is-layout-flow wp-block-group-is-layout-flow\"><div class=\"wp-block-group__inner-container\">\n<div class=\"wp-block-group is-layout-flow wp-block-group-is-layout-flow\"><div class=\"wp-block-group__inner-container\">\n<div class=\"wp-block-group is-layout-flow wp-block-group-is-layout-flow\"><div class=\"wp-block-group__inner-container\">\n<div class=\"wp-block-group is-layout-flow wp-block-group-is-layout-flow\"><div class=\"wp-block-group__inner-container\">\n<p><strong>Anforderungen im \u00dcberblick<\/strong><br><br>Wie die internationalen Vereinbarungen in Nordrhein-Westfalen konkret umgesetzt werden, verdeutlicht diese \u00dcbersicht:<br><br><a href=\"https:\/\/www.certilingua.net\/wp-content\/uploads\/2021\/03\/Anforderungen-im-Ueberblick.pdf\" target=\"_blank\" rel=\"noreferrer noopener\">ZU DEN ANFORDERUNGEN<\/a><\/p>\n\n\n\n<p><\/p>\n<\/div><\/div>\n<\/div><\/div>\n<\/div><\/div>\n<\/div><\/div>\n\n\n\n<p><br><strong>CertiLingua Schools in&nbsp;North Rhine-Westphalia<\/strong><\/p>\n\n\n\n<p><a href=\"https:\/\/rmg-aachen.de\/\">Rhein-Maas-Gymnasium Aachen<\/a>; Aachen<\/p>\n\n\n\n<p><a href=\"http:\/\/bwv-ahaus.de\">Berufskolleg Wirtschaft und Verwaltung Ahaus<\/a>; Ahaus<\/p>\n\n\n\n<p><a href=\"http:\/\/www.st-ursula-attendorn.de\">St.-Ursula-Gymnasium<\/a>; Attendorn<\/p>\n\n\n\n<p><a href=\"http:\/\/www.stmg.de\">St. Michael Gymnasium<\/a>; Bad M\u00fcnstereifel<\/p>\n\n\n\n<p><a href=\"http:\/\/www.rudolph-brandes-gymnasium.de\">Rudolph-Brandes-Gymnasium<\/a>; Bad Salzuflen<\/p>\n\n\n\n<p><a href=\"http:\/\/www.gymnasium-barntrup.de\">St\u00e4dtisches Gymnasium Barntrup<\/a>; Barntrup<\/p>\n\n\n\n<p><a href=\"http:\/\/www.amg-bensberg.de\">Albertus-Magnus-Gymnasium Bensberg<\/a>; Bergisch Gladbach<\/p>\n\n\n\n<p><a href=\"http:\/\/www.ohg-bensberg.de\">Otto-Hahn-Gymnasium Bensberg<\/a>; Bergisch Gladbach<\/p>\n\n\n\n<p><a href=\"http:\/\/www.gymnasiumheepen.de\">St\u00e4dtisches Gymnasium Heepen<\/a>; Bielefeld<\/p>\n\n\n\n<p><a href=\"http:\/\/www.gymnasium-blomberg.de\">Hermann-V\u00f6chting-Gymnasium<\/a>; Blomberg<\/p>\n\n\n\n<p><a href=\"http:\/\/www.bk-amwasserturm.de\">Berufskolleg am Wasserturm<\/a>; Bocholt<\/p>\n\n\n\n<p><a href=\"http:\/\/www.mg-bocholt.de\/joomla\/index.php\">Mariengymnasium<\/a>; Bocholt<\/p>\n\n\n\n<p><a href=\"https:\/\/hellweg-schule.de\" target=\"_blank\" rel=\"noopener\" title=\"\">Hellweg-Schule<\/a>; Bochum<\/p>\n\n\n\n<p><a href=\"http:\/\/www.ema-bonn.de\">Ernst-Moritz-Arndt-Gymnasium<\/a>; Bonn<\/p>\n\n\n\n<p><a href=\"http:\/\/www.ncg-bonn.de\">Nicolaus-Cusanus-Gymnasium der Stadt Bonn<\/a>; Bonn<\/p>\n\n\n\n<p><a href=\"http:\/\/www.berufskolleg-bonn-duisdorf.de\">Berufskolleg Bonn-Duisdorf<\/a>; Bonn<\/p>\n\n\n\n<p><a href=\"http:\/\/www.sag-bonn.de\">St. Adelheid-Gymnasium<\/a>; Bonn-Beuel<\/p>\n\n\n\n<p><a href=\"http:\/\/www.feg-bonn.de\">Friedrich-Ebert-Gymnasium Bonn<\/a>; Bonn<\/p>\n\n\n\n<p><a href=\"http:\/\/www.hardtberg-gymnasium.de\">Hardtberg-Gymnasium<\/a>; Bonn<\/p>\n\n\n\n<p><a href=\"http:\/\/www.europaschule-bornheim.de\">Europaschule Bornheim<\/a>; Bornheim<\/p>\n\n\n\n<p><a href=\"https:\/\/www.schulen-der-brede.de\/\">Gymnasium Brede<\/a>; Brakel<\/p>\n\n\n\n<p><a href=\"http:\/\/www.heriburg-gymnasium.de\">Heriburg-Gymnasium<\/a>; Coesfeld<\/p>\n\n\n\n<p><a href=\"http:\/\/www.stadtgymnasium-detmold.de\/\">Stadtgymnasium Detmold<\/a>; Detmold<\/p>\n\n\n\n<p><a href=\"https:\/\/www.ohg-dinslaken.de\" target=\"_blank\" rel=\"noreferrer noopener\" title=\"Otto-Hahn-Gymnasium\">Otto-Hahn-Gymnasium<\/a>; Dinslaken<\/p>\n\n\n\n<p><a href=\"http:\/\/www.heig-do.de\">Heisenberg-Gymnasium<\/a>; Dortmund<\/p>\n\n\n\n<p><a href=\"http:\/\/www.gadsa.de\/\">Gymnasium an der Schweizer Allee<\/a>; Dortmund<\/p>\n\n\n\n<p><a href=\"http:\/\/www.leibniz-gym.de\/\">Leibniz-Gymnasium<\/a>; Dortmund<\/p>\n\n\n\n<p><a href=\"http:\/\/www.wirteltor-gymnasium.de\">Gymnasium am Wirteltor<\/a>; D\u00fcren<\/p>\n\n\n\n<p><a href=\"http:\/\/www.wirteltor-gymnasium.de\">Cecilien-Gymnasium D\u00fcsseldorf<\/a>; D\u00fcsseldorf<\/p>\n\n\n\n<p><a href=\"http:\/\/www.goethe-gymnasium.de\">Goethe-Gymnasium D\u00fcssledorf<\/a>; D\u00fcsseldorf<\/p>\n\n\n\n<p><a href=\"http:\/\/www.luisen-gymnasium.de\/\">Luisen-Gymnasium D\u00fcsseldorf<\/a>; D\u00fcsseldorf<\/p>\n\n\n\n<p><a href=\"http:\/\/www.abtei-gymnasium.de\">Bisch\u00f6fliches Abtei-Gymnasium<\/a>; Duisburg<\/p>\n\n\n\n<p><a href=\"http:\/\/www.kgw-web.de\">Kopernikus Gymnasium<\/a>; Duisburg<\/p>\n\n\n\n<p><a href=\"http:\/\/www.krupp-gymnasium.de\/\">St\u00e4dtisches Krupp-Gymnasium<\/a>; Duisburg<\/p>\n\n\n\n<p><a href=\"http:\/\/www.landfermann.de\">Landfermann-Gymnasium<\/a>; Duisburg<\/p>\n\n\n\n<p><a href=\"https:\/\/cusanus-gymnasium.eu\">Cusanus-Gymnasium Erkelenz<\/a>; Erkelenz<\/p>\n\n\n\n<p><a href=\"http:\/\/www.gymnasium-borbeck.de\">Gymnasium Borbeck<\/a>; Essen<\/p>\n\n\n\n<p><a href=\"http:\/\/www.burggymnasium.de\">St\u00e4dt. Burggymnasium f\u00fcr Jungen und M\u00e4dchen<\/a>; Essen<\/p>\n\n\n\n<p><a href=\"https:\/\/www.grashof-gymnasium.de\/\">Grashof-Gymnasium Essen<\/a>; Essen<\/p>\n\n\n\n<p><a href=\"https:\/\/www.mwg-essen.de\/\">Maria-W\u00e4chtler-Gymnasium Essen<\/a>; Essen<\/p>\n\n\n\n<p><a href=\"https:\/\/mgbessen.de\/\">M\u00e4dchengymnasium Essen-Borbeck<\/a>; Essen<\/p>\n\n\n\n<p><a href=\"http:\/\/www.thg-essen.de\/\">Theodor-Heuss-Gymnasium<\/a>; Essen<\/p>\n\n\n\n<p><a href=\"http:\/\/emil-fischer-gymnasium.euskirchen.de\">Emil-Fischer-Gymnasium<\/a>; Euskirchen<\/p>\n\n\n\n<p><a href=\"http:\/\/www.marienschule-euskirchen.de\">Marienschule<\/a>; Euskirchen<\/p>\n\n\n\n<p><a href=\"https:\/\/gaussge.de\/\">Carl-Friedrich-Gau\u00df-Gymnasium<\/a>; Gelsenkirchen<\/p>\n\n\n\n<p><a href=\"http:\/\/www.rhg-ge.de\">Ricarda-Huch-Gymnasium<\/a>; Gelsenkirchen<\/p>\n\n\n\n<p><a href=\"http:\/\/www.gym-gevelsberg.de\">St\u00e4dtisches Gymnasium Gevelsberg<\/a>; Gevelsberg<\/p>\n\n\n\n<p><a href=\"http:\/\/www.gymgoch.de\">St\u00e4dtisches Gymnasium Goch<\/a>; Goch<\/p>\n\n\n\n<p><a href=\"https:\/\/www.liebfrauenschule-muelhausen.de\">Liebfrauenschule M\u00fchlhausen<\/a>; Grefrath<\/p>\n\n\n\n<p><a href=\"http:\/\/www.augustinianum.de\/\">Gymnasium Augustinianum<\/a>; Greven<\/p>\n\n\n\n<p><a href=\"http:\/\/www.sg-guetersloh.de\">St\u00e4dtisches Gymnasium G\u00fctersloh<\/a>; G\u00fctersloh<\/p>\n\n\n\n<p><a href=\"http:\/\/www.joseph-koenig-gymnasium.de\">Joseph-K\u00f6nig-Gymnasium<\/a>; Haltern<\/p>\n\n\n\n<p><a href=\"http:\/\/www.woeste.org\">Friedrich-Leopold-Woeste-Gymnasium<\/a>; Hemer<\/p>\n\n\n\n<p><a href=\"http:\/\/www.fgh-online.de\/index.nc#&amp;panel1-1\">Friedrichs-Gymnasium<\/a>; Herford<\/p>\n\n\n\n<p><a href=\"http:\/\/www.flb-herford.de\" target=\"_blank\" rel=\"noreferrer noopener\">Friedrich-List-Berufskolleg<\/a>: Herford<\/p>\n\n\n\n<p><a href=\"http:\/\/www.otto-hahn-gymnasium.de\/\">Otto-Hahn-Gymnasium Herne<\/a>; Herne<\/p>\n\n\n\n<p><a href=\"http:\/\/www.asg-huerth.de\">Albert-Schweitzer-Gymnasium H\u00fcrth<\/a>; H\u00fcrth<\/p>\n\n\n\n<p><a href=\"http:\/\/www.gymnasium-an-der-stenner.de\/\">Gymnasium An der Stenner<\/a>; Iserlohn<\/p>\n\n\n\n<p><a href=\"http:\/\/www.gymnasium-kerpen.eu\">Gymnasium Kerpen<\/a>; Kerpen<\/p>\n\n\n\n<p><a href=\"https:\/\/herder-koeln.de\/\">Herder-Gymnasium<\/a>; K\u00f6ln<\/p>\n\n\n\n<p><a href=\"http:\/\/shg-koeln.de\">H\u00f6lderlin-Gymnasium<\/a>; K\u00f6ln<\/p>\n\n\n\n<p><a href=\"http:\/\/www.koenigin-luise-schule.de\">K\u00f6nigin-Luise-Schule<\/a>; K\u00f6ln<\/p>\n\n\n\n<p><a href=\"http:\/\/www.kreuzgasse.de\">Gymnasium Kreuzgasse K\u00f6ln<\/a>; K\u00f6ln<\/p>\n\n\n\n<p><a href=\"http:\/\/bk-suedstadt.de\">Berufskolleg S\u00fcdstadt K\u00f6ln<\/a>; K\u00f6ln<\/p>\n\n\n\n<p><a href=\"http:\/\/www.ursulinenschule-koeln.de\">Ursulinenschule<\/a>; K\u00f6ln<\/p>\n\n\n\n<p><a href=\"https:\/\/www.fabritianum.de\">Gymnasium Fabritianum<\/a>; Krefeld<\/p>\n\n\n\n<p><a href=\"http:\/\/www.fvstein.de\/\">Freiherr-vom-Stein-Gymnasium<\/a>; Leverkusen<\/p>\n\n\n\n<p><a href=\"http:\/\/www.ostendorf-gymnasium.de\">Europaschule Ostendorf-Gymnasium<\/a>; Lippstadt<\/p>\n\n\n\n<p><a href=\"http:\/\/www.gymnasium-lohmar.org\/\">Gymnasium Lohmar<\/a>; Lohmar<\/p>\n\n\n\n<p><a href=\"http:\/\/www.wittekind.de\">Wittekind Gymnasium<\/a>; L\u00fcbbecke<\/p>\n\n\n\n<p><a href=\"http:\/\/www.matare.de\">Matar\u00e9-Gymnasium Meerbusch<\/a>; Meerbusch<\/p>\n\n\n\n<p><a href=\"http:\/\/www.kvg-mettingen.de\/Gymnasium\">Kardinal von Galen Gymnasium<\/a>; Mettingen<\/p>\n\n\n\n<p><a href=\"http:\/\/www.besselgymnasium.de\">Besselgymnasium Minden<\/a>; Minden<\/p>\n\n\n\n<p><a href=\"http:\/\/www.gesamtschule-hardt.de\">Gesamtschule Hardt<\/a>; M\u00f6nchengladbach<\/p>\n\n\n\n<p><a href=\"http:\/\/www.grafschafter-gymnasium.de\/\">Grafschafter-Gymnasium<\/a>; Moers<\/p>\n\n\n\n<p><a href=\"http:\/\/www.gymnasium-rheinkamp.de\">Gymnasium Rheinkamp<\/a>; Moers<\/p>\n\n\n\n<p><a href=\"http:\/\/www.ohg.monheim.de\">Otto-Hahn-Gymnasium<\/a>; Monheim<\/p>\n\n\n\n<p><a href=\"http:\/\/www.annette-gymnasium.de\">Annette-von-Droste-H\u00fclshoff-Gymnasium<\/a>; M\u00fcnster<\/p>\n\n\n\n<p><a href=\"https:\/\/kant-hiltrup.de\/\">Immanuel-Kant-Gymnasium<\/a>; M\u00fcnster<\/p>\n\n\n\n<p><a href=\"https:\/\/www.marienschulemuenster.de\/\">Marienschule (privates bisch\u00f6fliches M\u00e4dchengymnasium)<\/a>; M\u00fcnster<\/p>\n\n\n\n<p><a href=\"http:\/\/www.pascal-gym.de\/\">Pascal-Gymnasium M\u00fcnster<\/a>; M\u00fcnster<\/p>\n\n\n\n<p><a href=\"http:\/\/www.paulinum.net\">Gymnasium Paulinum M\u00fcnster<\/a>; M\u00fcnster<\/p>\n\n\n\n<p><a href=\"https:\/\/www.gymnasium-wolbeck.de\">Gymnasium Wolbeck<\/a>; M\u00fcnster<\/p>\n\n\n\n<p><a href=\"https:\/\/www.gymnasium-neunkirchen.de\">Dietrich-Bonhoeffer-Gymnasium<\/a>; Neunkirchen<\/p>\n\n\n\n<p><a href=\"https:\/\/hhg-ob.org\/\">Heinrich-Heine-Gymnasium Oberhausen<\/a>; Oberhausen<\/p>\n\n\n\n<p><a href=\"https:\/\/www.gymnasium-odenthal.de\" target=\"_blank\" rel=\"noopener\" title=\"\">Gymnasium Odenthal<\/a>; Odenthal<\/p>\n\n\n\n<p><a href=\"http:\/\/www.gymnasium-olpe.de\">St\u00e4dtisches Gymnasium Ople<\/a>; Olpe<\/p>\n\n\n\n<p><a href=\"https:\/\/die-loburg.de\/\">Gymnasium Johanneum<\/a>; Ostbevern<\/p>\n\n\n\n<p><a href=\"http:\/\/www.hittorf-gymnasium.de\">Hittorf-Gymnasium<\/a>; Recklinghausen<\/p>\n\n\n\n<p><a href=\"http:\/\/www.thg-recklinghausen.de\">Theodor-Heuss-Gymnasium<\/a>; Recklinghausen<\/p>\n\n\n\n<p><a href=\"http:\/\/www.kuniberg-bk.de\">Kuniberg-Berufskolleg<\/a>; Recklinghausen<\/p>\n\n\n\n<p><a href=\"http:\/\/www.sg-rheinbach.de\">St\u00e4dtisches Gymnasium Rheinbach<\/a>; Rheinbach<\/p>\n\n\n\n<p><a href=\"http:\/\/www.petrinum.de\">Gymnasium Petrinum<\/a>; Recklinghausen<\/p>\n\n\n\n<p><a href=\"http:\/\/www.albert-einstein-gymnasium.de\/\">Albert-Einstein-Gymnasium<\/a>; Sankt Augustin<\/p>\n\n\n\n<p><a href=\"http:\/\/www.gymnasium-selm.de\">St\u00e4dt. Gymnasium Selm<\/a>; Selm<\/p>\n\n\n\n<p><a href=\"http:\/\/www.anno-gymnasium-su.de\">Anno-Gymnasium Siegburg<\/a>; Siegburg<\/p>\n\n\n\n<p><a href=\"http:\/\/gymnasium-alleestrasse.de\/\">Gymnasium Alleestra\u00dfe<\/a>; Siegburg<\/p>\n\n\n\n<p><a href=\"http:\/\/www.berufskolleg-wirtschaft.de\/\">Berufskolleg Wirtschaft und Verwaltung des Kreises Siegen-Wittgenstein<\/a>; Siegen<\/p>\n\n\n\n<p><a href=\"http:\/\/www.aldegrevergymnasium.de\" target=\"_blank\" rel=\"noreferrer noopener\" title=\"Europaschule Aldegrever Gymnasium\">Europaschule Aldegrever Gymnasium<\/a>; Soest<\/p>\n\n\n\n<p><a href=\"http:\/\/www.gymnasium-schwertstrasse.de\/\">Gymnasium Schwertstra\u00dfe<\/a>; Solingen<\/p>\n\n\n\n<p><a href=\"http:\/\/www.goethe-gymnasium-stolberg.de\">Goethe-Gymnasium<\/a>; Stolberg<\/p>\n\n\n\n<p><a href=\"http:\/\/www.michael-ende-gymnasium.de\">Michael-Ende-Gymnasium<\/a>; T\u00f6nisvorst<\/p>\n\n\n\n<p><a href=\"https:\/\/www.altenforst.de\" target=\"_blank\" rel=\"noopener\" title=\"\">Gymnasium zum Altenforst<\/a>; Troisdorf<\/p>\n\n\n\n<p><a href=\"http:\/\/www.gsgvelbert.de\">Geschwister-Scholl-Gymnasium<\/a>; Velbert<\/p>\n\n\n\n<p><a href=\"http:\/\/www.gymnasium-vreden.de\">St\u00e4dtisches Gymnasium Georgianum<\/a>; Vreden<\/p>\n\n\n\n<p><a href=\"http:\/\/www.hollenberg-gymnasium.de\">Hollenberg-Gymnasium<\/a>; Waldbr\u00f6l<\/p>\n\n\n\n<p><a href=\"http:\/\/www.afg-werne.de\">Anne-Frank-Gymnasium<\/a>; Werne<\/p>\n\n\n\n<p><a href=\"http:\/\/www.gymnasium-wesel.de\">Konrad-Duden-Gymnasium Wesel<\/a>; Wesel<\/p>\n\n\n\n<p><a href=\"http:\/\/www.evb-gymnasium.de\">Engelbert-von-Berg-Gymnasium Wipperf\u00fcrth<\/a>; Wipperf\u00fcrth<\/p>\n\n\n\n<p><a href=\"http:\/\/www.cfg.wtal.de\/\">Carl-Fuhlrott-Gymnasium<\/a>; Wuppertal<\/p>\n\n\n\n<p><a href=\"http:\/\/www.gymnasium-kothen.de\">Gymnasium Am Kothen<\/a>; Wuppertal<\/p>\n\n\n\n<p><a href=\"https:\/\/www.ssgxanten.de\/\">St\u00e4dtisches Stiftsgymnasium Xanten<\/a>; Xanten<\/p>\n\n\n\n<p><\/p>\n","protected":false},"excerpt":{"rendered":"<p>country representative Mrs Silke Hinz Ministerium f\u00fcr Schule und Bildung des Landes Nordrhein-Westfalen V\u00f6lklinger Stra\u00dfe 49 40221 D\u00fcsseldorf +49 (0)211-5867-3450 certilingua@msb.nrw.de Ansprechpartnerinnen und -partner in den Bezirksregierungen Arnsberg Detmold D\u00fcsseldorf K\u00f6ln M\u00fcnster Herr LRSD Dr. Mathias BallietTel. 02931\/823512mathias.balliet@bra.nrw.de Frau LRSD&#8217;in Monika KabstTel. 05231\/714301monika.kabst@bezreg-detmold.nrw.de Herr OStD Michael AngerTel. 0211\/4754317michael.anger@brd.nrw.de Frau LRSD&#8217;in Birgit WillenbrinkTel. 0221\/1472466 birgit.willenbrink@ bezreg-koeln.nrw.de [&hellip;]<\/p>\n","protected":false},"author":1,"featured_media":0,"parent":0,"menu_order":0,"comment_status":"closed","ping_status":"closed","template":"","meta":{"footnotes":""},"aioseo_notices":[],"_links":{"self":[{"href":"https:\/\/www.certilingua.net\/index.php?rest_route=\/wp\/v2\/pages\/221"}],"collection":[{"href":"https:\/\/www.certilingua.net\/index.php?rest_route=\/wp\/v2\/pages"}],"about":[{"href":"https:\/\/www.certilingua.net\/index.php?rest_route=\/wp\/v2\/types\/page"}],"author":[{"embeddable":true,"href":"https:\/\/www.certilingua.net\/index.php?rest_route=\/wp\/v2\/users\/1"}],"replies":[{"embeddable":true,"href":"https:\/\/www.certilingua.net\/index.php?rest_route=%2Fwp%2Fv2%2Fcomments&post=221"}],"version-history":[{"count":106,"href":"https:\/\/www.certilingua.net\/index.php?rest_route=\/wp\/v2\/pages\/221\/revisions"}],"predecessor-version":[{"id":2641,"href":"https:\/\/www.certilingua.net\/index.php?rest_route=\/wp\/v2\/pages\/221\/revisions\/2641"}],"wp:attachment":[{"href":"https:\/\/www.certilingua.net\/index.php?rest_route=%2Fwp%2Fv2%2Fmedia&parent=221"}],"curies":[{"name":"wp","href":"https:\/\/api.w.org\/{rel}","templated":true}]}}