{"id":227,"date":"2015-08-18T23:25:56","date_gmt":"2015-08-18T21:25:56","guid":{"rendered":"http:\/\/www.certilingua.net\/?page_id=227"},"modified":"2025-09-07T11:14:12","modified_gmt":"2025-09-07T09:14:12","slug":"certilingua-finland","status":"publish","type":"page","link":"https:\/\/www.certilingua.net\/?page_id=227","title":{"rendered":"Austria"},"content":{"rendered":"\n<p><strong>Representative<\/strong><\/p>\n\n\n\n<div>\n<p>Ms Prof. Mag. Belinda Steinhuber<\/p>\n<\/div>\n\n\n\n<div>\n<p>Center f\u00fcr berufsbezogene Sprachen (CEBS) Kompetenzzentrum des&nbsp;bmb<\/p>\n<\/div>\n\n\n\n<div>\n<p>Ressort Sprachenp\u00e4dagogik<\/p>\n<\/div>\n\n\n\n<div>\n<p>Leopold-Werndl-Stra\u00dfe 7<\/p>\n<\/div>\n\n\n\n<div>\n<p><span lang=\"EN-US\">A-4400 Steyr<\/span><\/p>\n<\/div>\n\n\n\n<div>\n<p><span lang=\"EN-US\">0043 (0) 699 13124611<\/span><\/p>\n<\/div>\n\n\n\n<div>\n<p><span lang=\"EN-US\">belinda.steinhuber@cebs.at<\/span><\/p>\n<\/div>\n\n\n\n<p><\/p>\n\n\n\n<p><span style=\"text-decoration: underline;\"><strong>CertiLingua Schools in Austria<\/strong><\/span><\/p>\n\n\n\n<p><a href=\"http:\/\/www.hak-imst.ac.at\/\">BHAK Imst<\/a>; Imst<\/p>\n\n\n\n<p><a href=\"http:\/\/www.ferrarischule.at\/\">Ferrarischule Innsbruck &#8211; H\u00f6here Bundeslehranstalt f\u00fcr wirtschaftliche Berufe<\/a>; Innsbruck<\/p>\n\n\n\n<p><a href=\"https:\/\/www.bhak1.at\">BHAK1 Salzburg<\/a>; Salzburg<\/p>\n\n\n\n<p><a href=\"https:\/\/www.hlw.at\" target=\"_blank\" rel=\"noopener\" title=\"\">HLW St. Veit<\/a>; St. Veit an der Glan<\/p>\n\n\n\n<p><a href=\"https:\/\/www.hlwtulln.ac.at\">HLW Tulln<\/a>; Tulln<\/p>\n\n\n\n<p><a href=\"http:\/\/www.firnberg-projects.at\/\">Hertha Firnberg Schulen f\u00fcr Wirtschaft und Tourismus<\/a>; Wien<\/p>\n","protected":false},"excerpt":{"rendered":"<p>Representative Ms Prof. Mag. Belinda Steinhuber Center f\u00fcr berufsbezogene Sprachen (CEBS) Kompetenzzentrum des&nbsp;bmb Ressort Sprachenp\u00e4dagogik Leopold-Werndl-Stra\u00dfe 7 A-4400 Steyr 0043 (0) 699 13124611 belinda.steinhuber@cebs.at CertiLingua Schools in Austria BHAK Imst; Imst Ferrarischule Innsbruck &#8211; H\u00f6here Bundeslehranstalt f\u00fcr wirtschaftliche Berufe; Innsbruck BHAK1 Salzburg; Salzburg HLW St. Veit; St. Veit an der Glan HLW Tulln; Tulln Hertha [&hellip;]<\/p>\n","protected":false},"author":1,"featured_media":0,"parent":0,"menu_order":0,"comment_status":"closed","ping_status":"closed","template":"","meta":{"footnotes":""},"aioseo_notices":[],"_links":{"self":[{"href":"https:\/\/www.certilingua.net\/index.php?rest_route=\/wp\/v2\/pages\/227"}],"collection":[{"href":"https:\/\/www.certilingua.net\/index.php?rest_route=\/wp\/v2\/pages"}],"about":[{"href":"https:\/\/www.certilingua.net\/index.php?rest_route=\/wp\/v2\/types\/page"}],"author":[{"embeddable":true,"href":"https:\/\/www.certilingua.net\/index.php?rest_route=\/wp\/v2\/users\/1"}],"replies":[{"embeddable":true,"href":"https:\/\/www.certilingua.net\/index.php?rest_route=%2Fwp%2Fv2%2Fcomments&post=227"}],"version-history":[{"count":28,"href":"https:\/\/www.certilingua.net\/index.php?rest_route=\/wp\/v2\/pages\/227\/revisions"}],"predecessor-version":[{"id":2570,"href":"https:\/\/www.certilingua.net\/index.php?rest_route=\/wp\/v2\/pages\/227\/revisions\/2570"}],"wp:attachment":[{"href":"https:\/\/www.certilingua.net\/index.php?rest_route=%2Fwp%2Fv2%2Fmedia&parent=227"}],"curies":[{"name":"wp","href":"https:\/\/api.w.org\/{rel}","templated":true}]}}