{"id":245,"date":"2015-08-19T00:09:52","date_gmt":"2015-08-18T22:09:52","guid":{"rendered":"http:\/\/www.certilingua.net\/?page_id=245"},"modified":"2023-12-17T11:08:35","modified_gmt":"2023-12-17T10:08:35","slug":"certilingua-for-schools","status":"publish","type":"page","link":"https:\/\/www.certilingua.net\/?page_id=245","title":{"rendered":"CertiLingua for Schools"},"content":{"rendered":"<p style=\"padding-left: 480px;\"><a href=\"#deutsch\">Deutsche Version<\/a><\/p>\n<p>____________________________________________<br \/>\nAll public schools of each Member State can apply for accreditation as a CertiLingua School at the country&#8217;s educational authorities on the condition that they provide the learning opportunities necessary for students to fulfill the awarding criteria for the label.<\/p>\n<p><span style=\"color: #ff0000;\"><strong><a style=\"color: #ff0000;\" href=\"https:\/\/www.certilingua.net\/?page_id=236\">FIND A CERTILINGUA SCHOOL<\/a><\/strong><\/span><\/p>\n<p><strong>Therefore schools are required to offer:<\/strong><\/p>\n<ul>\n<li>courses in two or more foreign languages until the end of upper secondary leading to at least level B2 of the CEFR<\/li>\n<li>bilingual or CLIL courses in one or more non-language subjects with a minimum of 70 full teaching hours (60 minutes) in the period of the last two years of upper secondary education<\/li>\n<li>instruction that focuses on European and international matters and serves as a starting point for face-to-face projects with students and partners from other countries, as defined by the CertiLingua Standards of Excellence in Intercultural Competences.<\/li>\n<\/ul>\n<p><strong>BENEFITS<\/strong><\/p>\n<p>CertiLingua Schools benefit from participating in the label in many ways.<\/p>\n<ul>\n<li>Prestige is added to the schools and their language departments<\/li>\n<li>European and international affairs shift into focus<\/li>\n<li>International face-to-face encounters are encouraged and gain in quality<\/li>\n<li>Continued foreign language learning is promoted<\/li>\n<li>Bilingual learning is strengthened.<\/li>\n<\/ul>\n<p><strong>THE CERTILINGUA NETWORK<\/strong><\/p>\n<p>CertiLingua Schools cooperate in the CertiLingua Network that provides ample opportunity to<\/p>\n<ul>\n<li>find partner schools,<\/li>\n<li>look for companies and universities that support the idea of plurilingualism,<\/li>\n<li>exchange examples of good practice<\/li>\n<\/ul>\n<p><strong>DOCUMENTS FOR SCHOOLS<\/strong><\/p>\n<p>The following documents have been designed to assist the CertiLingua Schools in their work.<\/p>\n<table border=\"0\" width=\"896\" cellspacing=\"0\" cellpadding=\"0\">\n<tbody>\n<tr>\n<th scope=\"col\">\n<h5><strong>document<\/strong><\/h5>\n<\/th>\n<th scope=\"col\">\n<h5><strong>description<\/strong><\/h5>\n<\/th>\n<th scope=\"col\">\n<h5><\/h5>\n<\/th>\n<\/tr>\n<tr>\n<td valign=\"top\" width=\"200\"><a href=\"https:\/\/www.certilingua.net\/wp-content\/uploads\/2018\/10\/Application-Accreditation.pdf\">Application Form for Schools<\/a><\/td>\n<td valign=\"top\" width=\"200\">Filling in the application form is required in order to become a CertiLingua School<\/td>\n<td style=\"text-align: center;\" valign=\"top\" width=\"91\">\u00a0<a href=\"https:\/\/www.certilingua.net\/wp-content\/uploads\/2018\/10\/Application-Accreditation.docx\" target=\"_blank\" rel=\"noopener noreferrer\">download<\/a><a href=\"https:\/\/www.certilingua.net\/wp-content\/uploads\/2015\/09\/Application-Accreditation.pdf\" target=\"_blank\" rel=\"noopener noreferrer\"><br \/>\n<\/a><\/td>\n<\/tr>\n<tr>\n<td valign=\"top\" width=\"200\"><a href=\"https:\/\/www.certilingua.net\/wp-content\/uploads\/2018\/10\/Planning-Dossier-for-Students.pdf\">Planning Dossier for Students<\/a><\/td>\n<td valign=\"top\" width=\"200\">A tool for planning and documenting the process of the label&#8217;s acquisition at school<\/td>\n<td valign=\"top\" width=\"91\">\n<p style=\"text-align: center;\">\u00a0<a href=\"https:\/\/www.certilingua.net\/wp-content\/uploads\/2018\/10\/Planning-Dossier-for-Students.docx\">download<\/a><\/p>\n<\/td>\n<\/tr>\n<tr>\n<td valign=\"top\" width=\"200\"><a href=\"https:\/\/www.certilingua.net\/wp-content\/uploads\/2018\/10\/Guidelines-for-Tutors.pdf\">Guidelines for the Tutors<\/a><\/td>\n<td valign=\"top\" width=\"200\">The guidelines support the tutors in counseling their CertiLingua candidates<\/td>\n<td valign=\"top\" width=\"91\"><\/td>\n<\/tr>\n<tr>\n<td valign=\"top\" width=\"200\"><a href=\"https:\/\/www.certilingua.net\/wp-content\/uploads\/2018\/10\/Guidelines-for-Students-.pdf\">Students&#8216; Guidelines for Project Documentations<\/a><\/td>\n<td valign=\"top\" width=\"200\">A framework for the project documentations<\/td>\n<td valign=\"top\" width=\"91\"><\/td>\n<\/tr>\n<tr>\n<td valign=\"top\" width=\"200\"><a href=\"https:\/\/www.certilingua.net\/wp-content\/uploads\/2023\/11\/Checklist.pdf\">Checklist for Project Documentations<\/a><\/td>\n<td valign=\"top\" width=\"200\">An overview of the requirements for the documentation of the face-to-face projects<\/td>\n<td valign=\"top\" width=\"91\"><\/td>\n<\/tr>\n<tr>\n<td valign=\"top\" width=\"200\"><a href=\"https:\/\/www.certilingua.net\/wp-content\/uploads\/2018\/10\/Feedback-Form-Schools.pdf\">Feedback Form for Schools<\/a><\/td>\n<td valign=\"top\" width=\"200\">The form that must to be filled in annually by the schools<\/td>\n<td style=\"text-align: center;\" valign=\"top\" width=\"91\"><a href=\"https:\/\/www.certilingua.net\/wp-content\/uploads\/2018\/10\/Feedback-Form-Schools.docx\" target=\"_blank\" rel=\"noopener noreferrer\">download<\/a><\/td>\n<\/tr>\n<\/tbody>\n<\/table>\n<p>_______________________________________________________<\/p>\n<h3><a name=\"deutsch\"><\/a>CertiLingua f\u00fcr Schulen<\/h3>\n<p>Alle \u00f6ffentlichen Schulen in den Mitgliedsl\u00e4ndern k\u00f6nnen sich bei ihrer obersten Schulbeh\u00f6rde als CertiLingua Schule bewerben, vorausgesetzt, sie stellen die Bildungsangebote bereit, die es Sch\u00fclerinnen und Sch\u00fclern erm\u00f6glichen die Vergabebedingungen f\u00fcr das Exzellenzlabel CertiLingua zu erf\u00fcllen.<br \/>\n<strong><a style=\"color: #ff0000;\" href=\"https:\/\/www.certilingua.net\/?page_id=236\">EINE CERTILINGUA SCHULE FINDEN<\/a><\/strong><br \/>\n<strong>Notwendige Bildungsangebote f\u00fcr Schulen:<\/strong><\/p>\n<ul>\n<li>Kurse in mindestens zwei modernen Fremdsprachen, die bis zum Abitur fortgef\u00fchrt werden und mindestens mit dem Niveau B2 des GeR abschliessen<\/li>\n<li>bilinguale Kurse in mindestens einem Sachfach im Umfang von mindestens 70 Zeitstunden in den letzten beiden Schuljahren vor dem Abitur, die in einer der beiden CertiLingua Fremdsprachen unterrichtet werden<\/li>\n<li>Unterrichtsangebote, die im besonderen Ma\u00dfe auf europ\u00e4ische und internationale Themen fokussieren und einen Ausgangspunkt f\u00fcr das erforderliche\u00a0Begegnungsprojekt mit ausl\u00e4ndischen Projektpartnern gem\u00e4\u00df der\u00a0CertiLingua\u00a0Exzellenzstandards f\u00fcr interkulturelle Kompetenzen\u00a0bilden<\/li>\n<\/ul>\n<p><strong>Vorteile<\/strong><\/p>\n<p>CertiLingua-Schulen\u00a0profitieren von ihrer Teilnahme im Hinblick auf zahlreiche Aspekte:<\/p>\n<ul>\n<li>die Schule und die unterrichteten Fremdsprachen gewinnen an Prestige,<\/li>\n<li>europ\u00e4ische und internationale Themen r\u00fccken in den Fokus,<\/li>\n<li>internationale Begegnungsprojekte werden gef\u00f6rdert und gewinnen an Qualit\u00e4t,<\/li>\n<li>das fortgef\u00fchrte Fremdsprachenlernen wird gest\u00e4rkt,<\/li>\n<li>bilingualer Unterricht wird unterst\u00fctzt.<\/li>\n<\/ul>\n<p><strong>DAS\u00a0CERTILINGUA NETZWERK<\/strong><\/p>\n<p>CertiLingua Schulen\u00a0kooperieren im\u00a0CertiLingua Netzwerk, das zahlreiche Chancen bietet,<\/p>\n<ul>\n<li>eine Partnerschule zu finden,<\/li>\n<li>nach Unternehmen und Universit\u00e4ten zu suchen, die Mehrsprachigkeit im besonderen Ma\u00dfe unterst\u00fctzen,<\/li>\n<li>Beispiele guter Praxis auszutauschen.<\/li>\n<\/ul>\n<p><strong>DOKUMENTE F\u00dcR\u00a0SCHULEN<\/strong><\/p>\n<p>Die folgenden Dokumente sollen Schulen in ihrer Arbeit unterst\u00fctzen<\/p>\n<table border=\"0\" width=\"896\" cellspacing=\"0\" cellpadding=\"0\">\n<tbody>\n<tr>\n<th scope=\"col\">\n<h5><strong>document<\/strong><\/h5>\n<\/th>\n<th scope=\"col\">\n<h5><strong>description<\/strong><\/h5>\n<\/th>\n<th scope=\"col\">\n<h5><\/h5>\n<\/th>\n<\/tr>\n<tr>\n<td valign=\"top\" width=\"200\"><a href=\"https:\/\/www.certilingua.net\/wp-content\/uploads\/2018\/11\/Antrag-auf-Anerkennung.pdf\">Antrag auf Anerkennung als CertiLingua Schule<\/a><\/td>\n<td valign=\"top\" width=\"200\">Das Stellen des Antrags ist der erste Schritt zur CertiLingua Schule<\/td>\n<td valign=\"top\" width=\"91\">\n<p style=\"text-align: center;\"><a href=\"https:\/\/www.certilingua.net\/wp-content\/uploads\/2018\/11\/Antrag-auf-Anerkennung-1.docx\" target=\"_blank\" rel=\"noopener noreferrer\">download<\/a><\/p>\n<\/td>\n<\/tr>\n<tr>\n<td valign=\"top\" width=\"200\"><a href=\"https:\/\/www.certilingua.net\/wp-content\/uploads\/2018\/11\/Planungsdossier.pdf\">Planungsdossier f\u00fcr\u00a0Sch\u00fclerinnen und Sch\u00fcler<\/a><\/td>\n<td valign=\"top\" width=\"200\">Dieses Planungstool dokumentiert alle f\u00fcr das Label notwendigen Leistungen<\/td>\n<td style=\"text-align: center;\" valign=\"top\" width=\"91\"><a href=\"https:\/\/www.certilingua.net\/wp-content\/uploads\/2019\/03\/Planungsdossier.docx\">download<\/a><\/td>\n<\/tr>\n<tr>\n<td valign=\"top\" width=\"200\"><a href=\"https:\/\/www.certilingua.net\/wp-content\/uploads\/2018\/11\/Beratungsleitfaden.pdf\">Beratungsleitfaden f\u00fcr Koordinatorinnen und Koordintoren<\/a><\/td>\n<td valign=\"top\" width=\"200\">Eine fr\u00fche und kompetente Beratung wird unterst\u00fctzt<\/td>\n<td valign=\"top\" width=\"91\"><\/td>\n<\/tr>\n<tr>\n<td valign=\"top\" width=\"200\"><a href=\"https:\/\/www.certilingua.net\/wp-content\/uploads\/2018\/11\/Leitfaden-f\u00fcr-Sch\u00fclerinnen-und-Sch\u00fcler-.pdf\">Sch\u00fcler-Leitfaden f\u00fcr Projektdokumentationen<\/a><\/td>\n<td valign=\"top\" width=\"200\">Ein Rahmen f\u00fcr das erforderliche Begegnungsprojekt und dessen Dokumentation<\/td>\n<td valign=\"top\" width=\"91\"><\/td>\n<\/tr>\n<tr>\n<td valign=\"top\" width=\"200\"><a href=\"https:\/\/www.certilingua.net\/wp-content\/uploads\/2023\/12\/Checkliste-Neu-Deutsch.pdf\" target=\"_blank\" rel=\"noopener\">Checkliste\u00a0f\u00fcr Projektdokumentationen<\/a><\/td>\n<td valign=\"top\" width=\"200\">Ein \u00dcberblick \u00fcber die Anforderungen an das\u00a0Begegnungsprojekt und dessen Dokumentation<\/td>\n<td valign=\"top\" width=\"91\"><\/td>\n<\/tr>\n<tr>\n<td valign=\"top\" width=\"200\"><a href=\"https:\/\/www.certilingua.net\/wp-content\/uploads\/2018\/11\/R\u00fcckmeldebogen-Schulen.pdf\">R\u00fcckmeldebogen\u00a0f\u00fcr\u00a0Schulen<\/a><\/td>\n<td valign=\"top\" width=\"200\">Die CertiLingua-Schulen geben ein j\u00e4hrliches Feedback<\/td>\n<td style=\"text-align: center;\" valign=\"top\" width=\"91\"><a href=\"https:\/\/www.certilingua.net\/wp-content\/uploads\/2019\/03\/R\u00fcckmeldebogen-Schulen.docx\">download<\/a><\/td>\n<\/tr>\n<\/tbody>\n<\/table>\n","protected":false},"excerpt":{"rendered":"<p>Deutsche Version ____________________________________________ All public schools of each Member State can apply for accreditation as a CertiLingua School at the country&#8217;s educational authorities on the condition that they provide the learning opportunities necessary for students to fulfill the awarding criteria for the label. FIND A CERTILINGUA SCHOOL Therefore schools are required to offer: courses in [&hellip;]<\/p>\n","protected":false},"author":1,"featured_media":0,"parent":0,"menu_order":0,"comment_status":"closed","ping_status":"closed","template":"","meta":{"footnotes":""},"aioseo_notices":[],"_links":{"self":[{"href":"https:\/\/www.certilingua.net\/index.php?rest_route=\/wp\/v2\/pages\/245"}],"collection":[{"href":"https:\/\/www.certilingua.net\/index.php?rest_route=\/wp\/v2\/pages"}],"about":[{"href":"https:\/\/www.certilingua.net\/index.php?rest_route=\/wp\/v2\/types\/page"}],"author":[{"embeddable":true,"href":"https:\/\/www.certilingua.net\/index.php?rest_route=\/wp\/v2\/users\/1"}],"replies":[{"embeddable":true,"href":"https:\/\/www.certilingua.net\/index.php?rest_route=%2Fwp%2Fv2%2Fcomments&post=245"}],"version-history":[{"count":69,"href":"https:\/\/www.certilingua.net\/index.php?rest_route=\/wp\/v2\/pages\/245\/revisions"}],"predecessor-version":[{"id":2300,"href":"https:\/\/www.certilingua.net\/index.php?rest_route=\/wp\/v2\/pages\/245\/revisions\/2300"}],"wp:attachment":[{"href":"https:\/\/www.certilingua.net\/index.php?rest_route=%2Fwp%2Fv2%2Fmedia&parent=245"}],"curies":[{"name":"wp","href":"https:\/\/api.w.org\/{rel}","templated":true}]}}