{"id":422,"date":"2015-09-07T11:32:13","date_gmt":"2015-09-07T09:32:13","guid":{"rendered":"http:\/\/www.certilingua.net\/?page_id=422"},"modified":"2026-04-17T09:18:49","modified_gmt":"2026-04-17T07:18:49","slug":"certilingua-hamburg","status":"publish","type":"page","link":"https:\/\/www.certilingua.net\/?page_id=422","title":{"rendered":"Hamburg"},"content":{"rendered":"<p><strong>Representative<\/strong><\/p>\n<p style=\"font-weight: 400;\"><strong>Eleftheria Kopasaki<\/strong><\/p>\n<p style=\"font-weight: 400;\">Freie und Hansestadt Hamburg<br \/>\nBeh\u00f6rde f\u00fcr Schule und Berufsbildung<\/p>\n<p style=\"font-weight: 400;\">Abteilung Gestaltung und Grundsatz<\/p>\n<p style=\"font-weight: 400;\">Referat Grundsatz, Unterrichtsentwicklung, zentrale Pr\u00fcfungen<\/p>\n<p style=\"font-weight: 400;\">Fachreferat Unterrichtsentwicklung Deutsch, Fremdsprachen, K\u00fcnste<\/p>\n<p style=\"font-weight: 400;\">B 31-208<\/p>\n<p style=\"font-weight: 400;\">Fachreferentin Englisch Stadtteilschule<\/p>\n<p style=\"font-weight: 400;\">Hamburger Stra\u00dfe 31, 22083 Hamburg<br \/>\nTel.: +49 40 428 63 &#8211; 3376<\/p>\n<p style=\"font-weight: 400;\">E-Mail: <a href=\"mailto:eleftheria.kopasaki@bsfb.hamburg.de\">eleftheria.kopasaki@bsfb.hamburg.de<\/a><\/p>\n<p><strong><span style=\"text-decoration: underline;\">CertiLingua Schools in Hamburg<\/span><\/strong><\/p>\n<p><a href=\"https:\/\/www.cpg-hamburg.de\" target=\"_blank\" rel=\"noopener\">Charlotte-Paulsen-Gymnasium<\/a>; Hamburg<\/p>\n<p><a href=\"http:\/\/www.gymnasium-farmsen.de\/\">Gymnasium Farmsen<\/a>; Hamburg<\/p>\n<p><a href=\"http:\/\/www.gymnasium-lohbruegge.de\/\">Gymnasium Lohbr\u00fcgge<\/a>; Hamburg<\/p>\n<p><a href=\"http:\/\/osterbek.hamburg.de\" target=\"_blank\" rel=\"noopener\">Gymnasium Osterbeck<\/a>; Hamburg<\/p>\n<p><a href=\"http:\/\/www.gymnasium-ohmoor.de\/\">Gymnasium Ohmoor<\/a>; Hamburg<\/p>\n<p><a href=\"http:\/\/www.matthias-claudius-gymnasium.de\/\">Matthias-Claudius-Gymnasium<\/a> ; Hamburg<\/p>\n","protected":false},"excerpt":{"rendered":"<p>Representative Eleftheria Kopasaki Freie und Hansestadt Hamburg Beh\u00f6rde f\u00fcr Schule und Berufsbildung Abteilung Gestaltung und Grundsatz Referat Grundsatz, Unterrichtsentwicklung, zentrale Pr\u00fcfungen Fachreferat Unterrichtsentwicklung Deutsch, Fremdsprachen, K\u00fcnste B 31-208 Fachreferentin Englisch Stadtteilschule Hamburger Stra\u00dfe 31, 22083 Hamburg Tel.: +49 40 428 63 &#8211; 3376 E-Mail: eleftheria.kopasaki@bsfb.hamburg.de CertiLingua Schools in Hamburg Charlotte-Paulsen-Gymnasium; Hamburg Gymnasium Farmsen; Hamburg Gymnasium [&hellip;]<\/p>\n","protected":false},"author":1,"featured_media":0,"parent":0,"menu_order":0,"comment_status":"closed","ping_status":"closed","template":"","meta":{"footnotes":""},"aioseo_notices":[],"_links":{"self":[{"href":"https:\/\/www.certilingua.net\/index.php?rest_route=\/wp\/v2\/pages\/422"}],"collection":[{"href":"https:\/\/www.certilingua.net\/index.php?rest_route=\/wp\/v2\/pages"}],"about":[{"href":"https:\/\/www.certilingua.net\/index.php?rest_route=\/wp\/v2\/types\/page"}],"author":[{"embeddable":true,"href":"https:\/\/www.certilingua.net\/index.php?rest_route=\/wp\/v2\/users\/1"}],"replies":[{"embeddable":true,"href":"https:\/\/www.certilingua.net\/index.php?rest_route=%2Fwp%2Fv2%2Fcomments&post=422"}],"version-history":[{"count":15,"href":"https:\/\/www.certilingua.net\/index.php?rest_route=\/wp\/v2\/pages\/422\/revisions"}],"predecessor-version":[{"id":2643,"href":"https:\/\/www.certilingua.net\/index.php?rest_route=\/wp\/v2\/pages\/422\/revisions\/2643"}],"wp:attachment":[{"href":"https:\/\/www.certilingua.net\/index.php?rest_route=%2Fwp%2Fv2%2Fmedia&parent=422"}],"curies":[{"name":"wp","href":"https:\/\/api.w.org\/{rel}","templated":true}]}}