{"id":424,"date":"2015-09-07T11:32:59","date_gmt":"2015-09-07T09:32:59","guid":{"rendered":"http:\/\/www.certilingua.net\/?page_id=424"},"modified":"2021-01-09T12:59:26","modified_gmt":"2021-01-09T11:59:26","slug":"certilingua-mecklenburg-vorpommern","status":"publish","type":"page","link":"https:\/\/www.certilingua.net\/?page_id=424","title":{"rendered":"Mecklenburg-Vorpommern"},"content":{"rendered":"<p><strong>Representative<\/strong><\/p>\n<p>Ms\u00a0Cornelia Schlagowsky<\/p>\n<p>Fachreferentin f\u00fcr moderne Fremdsprachen<\/p>\n<p>Ministerium f\u00fcr Bildung, Wissenschaft und Kultur Mecklenburg-Vorpommern<br \/>Institut f\u00fcr Qualit\u00e4tsentwicklung, IQ M-V Bereich 4<\/p>\n<p>19048 Schwerin<\/p>\n<p>Tel. +49 385 588-7715<\/p>\n<p>C.Schlagowsky_01@iq.bm.mv-regierung.de<\/p>\n<p>\u00a0<\/p>\n<p><strong><span style=\"text-decoration: underline;\">CertiLingua Schools in Mecklenburg-Western Pomerania<\/span><\/strong><\/p>\n<p>\u00a0<\/p>\n<p><a href=\"http:\/\/www.schlossgym-guetzkow.de\/\">Schlossgymnasium G\u00fctzkow<\/a>; G\u00fctzkow<\/p>\n<p><a href=\"http:\/\/www.gymnasium-neukloster.de\/\">Gymnasium Am Sonnenkamp<\/a>; Neukloster<\/p>\n<p><a href=\"https:\/\/www.isg-rostock.de\/\">Innerst\u00e4dtisches Gymnasium Rostock<\/a>; Rostock<\/p>\n<p><a href=\"https:\/\/www.ecolea.de\/internationale-schule\/ecolea-rostock\/\">ecolea Internationale Schule<\/a>; Rostock-Warnem\u00fcnde<\/p>\n\n\n<p><\/p>\n","protected":false},"excerpt":{"rendered":"<p>Representative Ms\u00a0Cornelia Schlagowsky Fachreferentin f\u00fcr moderne Fremdsprachen Ministerium f\u00fcr Bildung, Wissenschaft und Kultur Mecklenburg-VorpommernInstitut f\u00fcr Qualit\u00e4tsentwicklung, IQ M-V Bereich 4 19048 Schwerin Tel. +49 385 588-7715 C.Schlagowsky_01@iq.bm.mv-regierung.de \u00a0 CertiLingua Schools in Mecklenburg-Western Pomerania \u00a0 Schlossgymnasium G\u00fctzkow; G\u00fctzkow Gymnasium Am Sonnenkamp; Neukloster Innerst\u00e4dtisches Gymnasium Rostock; Rostock ecolea Internationale Schule; Rostock-Warnem\u00fcnde<\/p>\n","protected":false},"author":1,"featured_media":0,"parent":0,"menu_order":0,"comment_status":"closed","ping_status":"closed","template":"","meta":{"footnotes":""},"aioseo_notices":[],"_links":{"self":[{"href":"https:\/\/www.certilingua.net\/index.php?rest_route=\/wp\/v2\/pages\/424"}],"collection":[{"href":"https:\/\/www.certilingua.net\/index.php?rest_route=\/wp\/v2\/pages"}],"about":[{"href":"https:\/\/www.certilingua.net\/index.php?rest_route=\/wp\/v2\/types\/page"}],"author":[{"embeddable":true,"href":"https:\/\/www.certilingua.net\/index.php?rest_route=\/wp\/v2\/users\/1"}],"replies":[{"embeddable":true,"href":"https:\/\/www.certilingua.net\/index.php?rest_route=%2Fwp%2Fv2%2Fcomments&post=424"}],"version-history":[{"count":10,"href":"https:\/\/www.certilingua.net\/index.php?rest_route=\/wp\/v2\/pages\/424\/revisions"}],"predecessor-version":[{"id":1996,"href":"https:\/\/www.certilingua.net\/index.php?rest_route=\/wp\/v2\/pages\/424\/revisions\/1996"}],"wp:attachment":[{"href":"https:\/\/www.certilingua.net\/index.php?rest_route=%2Fwp%2Fv2%2Fmedia&parent=424"}],"curies":[{"name":"wp","href":"https:\/\/api.w.org\/{rel}","templated":true}]}}