{"id":426,"date":"2015-09-07T11:33:38","date_gmt":"2015-09-07T09:33:38","guid":{"rendered":"http:\/\/www.certilingua.net\/?page_id=426"},"modified":"2025-04-27T10:03:22","modified_gmt":"2025-04-27T08:03:22","slug":"certilingua-niedersachsen","status":"publish","type":"page","link":"https:\/\/www.certilingua.net\/?page_id=426","title":{"rendered":"Niedersachsen"},"content":{"rendered":"<p><strong>Representative<\/strong><\/p>\n<p>Mr Jens Bolh\u00f6fer<br \/>\nNieders\u00e4chsisches Kultusministerium<br \/>\nReferat 33<br \/>\nHans-B\u00f6ckler-Allee 5<br \/>\n30173 Hannover<br \/>\nTel. +49 (0)511 120 7236<br \/>\nFax +49 (0) 120 997236<br \/>\n<a href=\"mailto:jens.bolhoefer@mk.niedersachsen.de\">jens.bolhoefer@mk.niedersachsen.de<\/a><\/p>\n<p><span style=\"text-decoration: underline;\"><strong>CertiLingua Schools in Lower Saxony<\/strong><\/span><\/p>\n<p><a href=\"http:\/\/www.gymnasium-achim.de\/\">Cato Bontjes van Beek-Gymnasium<\/a>; Achim<\/p>\n<p><a href=\"http:\/\/www.ulricianum-aurich.net\/\">Gymnasium Ulricianum;<\/a>\u00a0Aurich<\/p>\n<p><a href=\"http:\/\/www.gymbane.de\/\">Gymnasium Bad Nenndorf<\/a>; Bad Nenndorf<\/p>\n<p><a href=\"http:\/\/www.lessinggymnasium.de\/\">Lessinggymnasium Braunschweig<\/a>; Braunschweig<\/p>\n<p><a href=\"http:\/\/www.halepaghen-schule.de\/\">Halepaghenschule Buxtehude<\/a>; Buxtehude<\/p>\n<p><a href=\"http:\/\/www.hbg-celle.de\/\">Hermann-Billung-Gymnasium<\/a>; Celle<\/p>\n<p><a href=\"https:\/\/www.jag-emden.de\/\">Johannes-Althusius Gymnasium;<\/a>\u00a0Emden<\/p>\n<p><a href=\"http:\/\/www.gymnasium-ganderkesee.de\/\">Gymnasium Ganderkesee;<\/a>\u00a0Ganderkesee<\/p>\n<p><a href=\"http:\/\/www.gymnasium-oesede.de\/\">Gymnasium Oesede<\/a>; Georgsmarienh\u00fctte<\/p>\n<p><a href=\"http:\/\/www.ohg-gf.de\/\">Otto-Hahn-Gymnasium Gifhorn<\/a>; Gifhorn<\/p>\n<p><a href=\"https:\/\/www.igs-goe.de\/\">Georg-Christoph-Lichtenberg Gesamtschule<\/a>; G\u00f6ttingen<\/p>\n<p><a href=\"http:\/\/www.cvd-gs.de\/\">Christian-von-Dohm-Gymnasium Goslar<\/a>; Goslar<\/p>\n<p><a href=\"http:\/\/www.fkg-goettingen.de\/\">Felix-Klein-Gymnasium<\/a>; G\u00f6ttingen<\/p>\n<p><a href=\"http:\/\/www.sghm.de\/\">Schiller-Gymnasium Hameln<\/a>; Hameln<\/p>\n<p><a href=\"http:\/\/www.einstein-gymnasium-hameln.de\/\">Albert-Einstein-Gymnasium<\/a>; Hameln<\/p>\n<p><a href=\"http:\/\/www.gymnasium-hankensbuettel.de\/\">Gymnasium Hankensb\u00fcttel<\/a>; Hankensb\u00fcttel<\/p>\n<p><a href=\"http:\/\/www.goetheschule.de\/\">Gymnasium Goetheschule<\/a>; Hannover<\/p>\n<p><a href=\"http:\/\/www.wrs-hannover.de\/\">Wilhelm-Raabe-Schule<\/a>; Hannover<\/p>\n<p><a href=\"https:\/\/www.georgianum-lingen.de\/\">Gymnasium Georgianum<\/a>; Lingen<\/p>\n<p><a href=\"https:\/\/wordpress.nibis.de\/gymoedeme\/\">Gymnasium Oedeme<\/a>; L\u00fcneburg<\/p>\n<p><a href=\"http:\/\/www.herbartgymnasium.de\/\">Herbartgymnasium<\/a>; Oldenburg<\/p>\n<p><a href=\"http:\/\/www.gidw.de\/\">Gymnasium &#8222;In der W\u00fcste&#8220;<\/a>; Osnabr\u00fcck<\/p>\n<p><a href=\"http:\/\/www.gym-rinteln.de\/\">Gymnasium Ernestinum<\/a>; Rinteln<\/p>\n<p><a href=\"http:\/\/www.gymnasium-syke.de\/\">Gymnasium Syke<\/a>; Syke<\/p>\n<p><a href=\"http:\/\/www.luhe-gymnasium.de\/\">Luhe-Gymnasium<\/a>; Winsen<\/p>\n<p><a href=\"http:\/\/www.thgwf.de\/\">Theodor-Heuss-Gymnasium Wolfenb\u00fcttel<\/a>; Wolfenb\u00fcttel<\/p>\n","protected":false},"excerpt":{"rendered":"<p>Representative Mr Jens Bolh\u00f6fer Nieders\u00e4chsisches Kultusministerium Referat 33 Hans-B\u00f6ckler-Allee 5 30173 Hannover Tel. +49 (0)511 120 7236 Fax +49 (0) 120 997236 jens.bolhoefer@mk.niedersachsen.de CertiLingua Schools in Lower Saxony Cato Bontjes van Beek-Gymnasium; Achim Gymnasium Ulricianum;\u00a0Aurich Gymnasium Bad Nenndorf; Bad Nenndorf Lessinggymnasium Braunschweig; Braunschweig Halepaghenschule Buxtehude; Buxtehude Hermann-Billung-Gymnasium; Celle Johannes-Althusius Gymnasium;\u00a0Emden Gymnasium Ganderkesee;\u00a0Ganderkesee Gymnasium Oesede; Georgsmarienh\u00fctte [&hellip;]<\/p>\n","protected":false},"author":1,"featured_media":0,"parent":0,"menu_order":0,"comment_status":"closed","ping_status":"closed","template":"","meta":{"footnotes":""},"aioseo_notices":[],"_links":{"self":[{"href":"https:\/\/www.certilingua.net\/index.php?rest_route=\/wp\/v2\/pages\/426"}],"collection":[{"href":"https:\/\/www.certilingua.net\/index.php?rest_route=\/wp\/v2\/pages"}],"about":[{"href":"https:\/\/www.certilingua.net\/index.php?rest_route=\/wp\/v2\/types\/page"}],"author":[{"embeddable":true,"href":"https:\/\/www.certilingua.net\/index.php?rest_route=\/wp\/v2\/users\/1"}],"replies":[{"embeddable":true,"href":"https:\/\/www.certilingua.net\/index.php?rest_route=%2Fwp%2Fv2%2Fcomments&post=426"}],"version-history":[{"count":10,"href":"https:\/\/www.certilingua.net\/index.php?rest_route=\/wp\/v2\/pages\/426\/revisions"}],"predecessor-version":[{"id":2522,"href":"https:\/\/www.certilingua.net\/index.php?rest_route=\/wp\/v2\/pages\/426\/revisions\/2522"}],"wp:attachment":[{"href":"https:\/\/www.certilingua.net\/index.php?rest_route=%2Fwp%2Fv2%2Fmedia&parent=426"}],"curies":[{"name":"wp","href":"https:\/\/api.w.org\/{rel}","templated":true}]}}