{"id":430,"date":"2015-09-07T11:35:05","date_gmt":"2015-09-07T09:35:05","guid":{"rendered":"http:\/\/www.certilingua.net\/?page_id=430"},"modified":"2025-05-02T15:23:00","modified_gmt":"2025-05-02T13:23:00","slug":"certilingua-thueringen","status":"publish","type":"page","link":"https:\/\/www.certilingua.net\/?page_id=430","title":{"rendered":"Th\u00fcringen"},"content":{"rendered":"<p>Th\u00fcringer Ministerium f\u00fcr Bildung, Jugend und Sport<br \/>\nReferat 3 3<br \/>\nSprachbildung, Migration und Integration, ganzt\u00e4gige Bildungsangebote, Gemeinschaftsschulen<\/p>\n<p>Werner-Seelenbinder-Stra\u00dfe 7<\/p>\n<p>99096 Erfurt<\/p>\n<p><strong><span style=\"text-decoration: underline;\">CertiLingua Schools in Thuringia<\/span><\/strong><\/p>\n<p><a href=\"http:\/\/www.hmg-erfurt.de\/\">Heinrich-Mann-Gymnasium Erfurt, Staatliches Gymnasium \u201eZur Himmelspforte\u201c<\/a>; Erfurt<\/p>\n<p><a href=\"http:\/\/www.perthes-gymnasium.de\/\">Perthes-Gymnasium, Staatliches Gymnasium Friedrichroda<\/a>; Friedrichroda<\/p>\n<p><a href=\"http:\/\/www.angergymnasium.jena.de\">Staatliches Angergymnasium Jena<\/a>; Jena<\/p>\n<p><a href=\"https:\/\/osg-jena.edupage.org\">Otto-Schott-Gymnasium Jena, Staatliches Gymnasium<\/a>; Jena<\/p>\n<p><a href=\"http:\/\/www.salzmannschule.de\/\">Salzmannschule Schnepfenthal, Staatliches Spezialgymnasium f\u00fcr Sprachen<\/a>; Waltershausen-Schnepfenthal<\/p>\n","protected":false},"excerpt":{"rendered":"<p>Th\u00fcringer Ministerium f\u00fcr Bildung, Jugend und Sport Referat 3 3 Sprachbildung, Migration und Integration, ganzt\u00e4gige Bildungsangebote, Gemeinschaftsschulen Werner-Seelenbinder-Stra\u00dfe 7 99096 Erfurt CertiLingua Schools in Thuringia Heinrich-Mann-Gymnasium Erfurt, Staatliches Gymnasium \u201eZur Himmelspforte\u201c; Erfurt Perthes-Gymnasium, Staatliches Gymnasium Friedrichroda; Friedrichroda Staatliches Angergymnasium Jena; Jena Otto-Schott-Gymnasium Jena, Staatliches Gymnasium; Jena Salzmannschule Schnepfenthal, Staatliches Spezialgymnasium f\u00fcr Sprachen; Waltershausen-Schnepfenthal<\/p>\n","protected":false},"author":1,"featured_media":0,"parent":0,"menu_order":0,"comment_status":"closed","ping_status":"closed","template":"","meta":{"footnotes":""},"aioseo_notices":[],"_links":{"self":[{"href":"https:\/\/www.certilingua.net\/index.php?rest_route=\/wp\/v2\/pages\/430"}],"collection":[{"href":"https:\/\/www.certilingua.net\/index.php?rest_route=\/wp\/v2\/pages"}],"about":[{"href":"https:\/\/www.certilingua.net\/index.php?rest_route=\/wp\/v2\/types\/page"}],"author":[{"embeddable":true,"href":"https:\/\/www.certilingua.net\/index.php?rest_route=\/wp\/v2\/users\/1"}],"replies":[{"embeddable":true,"href":"https:\/\/www.certilingua.net\/index.php?rest_route=%2Fwp%2Fv2%2Fcomments&post=430"}],"version-history":[{"count":11,"href":"https:\/\/www.certilingua.net\/index.php?rest_route=\/wp\/v2\/pages\/430\/revisions"}],"predecessor-version":[{"id":2523,"href":"https:\/\/www.certilingua.net\/index.php?rest_route=\/wp\/v2\/pages\/430\/revisions\/2523"}],"wp:attachment":[{"href":"https:\/\/www.certilingua.net\/index.php?rest_route=%2Fwp%2Fv2%2Fmedia&parent=430"}],"curies":[{"name":"wp","href":"https:\/\/api.w.org\/{rel}","templated":true}]}}