{"id":443,"date":"2015-09-07T11:37:56","date_gmt":"2015-09-07T09:37:56","guid":{"rendered":"http:\/\/www.certilingua.net\/?page_id=443"},"modified":"2025-03-06T11:50:33","modified_gmt":"2025-03-06T10:50:33","slug":"certilingua-deutsche-auslandsschulen","status":"publish","type":"page","link":"https:\/\/www.certilingua.net\/?page_id=443","title":{"rendered":"Deutsche Auslandsschulen"},"content":{"rendered":"<p><strong>Representative<\/strong><\/p>\n<p>Ms Gundula Meyer-Oehring<\/p>\n<p>Beauftragte der KMK f\u00fcr schulische Arbeit im Ausland<\/p>\n<p>Ministerium f\u00fcr Bildung, Jugend und Sport<br \/>\ndes Landes Brandenburg, Referat 33<br \/>\nWeiterf\u00fchrende allgemein bildende Schulen,<br \/>\nZweiter Bildungsweg<\/p>\n<p>Heinrich-Mann-Allee 107<\/p>\n<p>14473 Potsdam<\/p>\n<p>gundula.meyer-oehring@mbjs.brandenburg.de<\/p>\n<p>Tel: +49 (0) 331 866 3837<\/p>\n<p><span style=\"text-decoration: underline;\"><strong>CertiLingua Schools of the German Schools Abroad<\/strong><\/span><\/p>\n<p><a href=\"https:\/\/www.idsb.eu\/\">German School in Brussels\/ Belgium<\/a><\/p>\n<p><a href=\"http:\/\/www.disdh.nl\">German School in Den Haag\/ Netherlands<\/a><\/p>\n<p><a href=\"http:\/\/www.dsh.fi\/de\/\">German School in Helsinki\/ Finland<\/a><\/p>\n<p><a href=\"http:\/\/www.dsnairobi.de\/\">German School in Nairobi\/ Kenya<\/a><\/p>\n<p><a href=\"https:\/\/www.humboldt.ed.cr\">German School in San Jos\u00e9\/ Costa Rica<\/a><\/p>\n<p><a href=\"http:\/\/www.ds-shanghai.de\">German School in Shanghai\/ PR China<\/a><\/p>\n<p><a href=\"https:\/\/tyskaskolan.se\" target=\"_blank\" rel=\"noopener\">German School in Stockholm\/ Sweden<\/a><\/p>\n<p><a href=\"https:\/\/www.portoseguro.org.br\/\">German School in Valinhos\/ Brasil<\/a><\/p>\n","protected":false},"excerpt":{"rendered":"<p>Representative Ms Gundula Meyer-Oehring Beauftragte der KMK f\u00fcr schulische Arbeit im Ausland Ministerium f\u00fcr Bildung, Jugend und Sport des Landes Brandenburg, Referat 33 Weiterf\u00fchrende allgemein bildende Schulen, Zweiter Bildungsweg Heinrich-Mann-Allee 107 14473 Potsdam gundula.meyer-oehring@mbjs.brandenburg.de Tel: +49 (0) 331 866 3837 CertiLingua Schools of the German Schools Abroad German School in Brussels\/ Belgium German School in [&hellip;]<\/p>\n","protected":false},"author":1,"featured_media":0,"parent":0,"menu_order":0,"comment_status":"closed","ping_status":"closed","template":"","meta":{"footnotes":""},"aioseo_notices":[],"_links":{"self":[{"href":"https:\/\/www.certilingua.net\/index.php?rest_route=\/wp\/v2\/pages\/443"}],"collection":[{"href":"https:\/\/www.certilingua.net\/index.php?rest_route=\/wp\/v2\/pages"}],"about":[{"href":"https:\/\/www.certilingua.net\/index.php?rest_route=\/wp\/v2\/types\/page"}],"author":[{"embeddable":true,"href":"https:\/\/www.certilingua.net\/index.php?rest_route=\/wp\/v2\/users\/1"}],"replies":[{"embeddable":true,"href":"https:\/\/www.certilingua.net\/index.php?rest_route=%2Fwp%2Fv2%2Fcomments&post=443"}],"version-history":[{"count":16,"href":"https:\/\/www.certilingua.net\/index.php?rest_route=\/wp\/v2\/pages\/443\/revisions"}],"predecessor-version":[{"id":2516,"href":"https:\/\/www.certilingua.net\/index.php?rest_route=\/wp\/v2\/pages\/443\/revisions\/2516"}],"wp:attachment":[{"href":"https:\/\/www.certilingua.net\/index.php?rest_route=%2Fwp%2Fv2%2Fmedia&parent=443"}],"curies":[{"name":"wp","href":"https:\/\/api.w.org\/{rel}","templated":true}]}}