{"id":556,"date":"2016-05-27T12:18:17","date_gmt":"2016-05-27T10:18:17","guid":{"rendered":"http:\/\/www.certilingua.net\/?page_id=556"},"modified":"2026-03-01T13:07:15","modified_gmt":"2026-03-01T12:07:15","slug":"certilingua-for-member-countries","status":"publish","type":"page","link":"https:\/\/www.certilingua.net\/?page_id=556","title":{"rendered":"CertiLingua for Member States"},"content":{"rendered":"<p style=\"padding-left: 480px;\"><a href=\"#deutsch\">Deutsche Version<\/a><\/p>\n<p>____________________________________________<br \/>\nCertiLingua is a programme of the <span style=\"text-decoration: underline;\">ministries of education<\/span> of the participating <strong>Member States.<\/strong><\/p>\n<p>The ministries declare their participation by signing the <strong>Memorandum of Understanding<\/strong>.<\/p>\n<p>Each Member State\u00a0is then <span style=\"text-decoration: underline;\">entitled to accredit CertiLingua Schools<\/span> and gains <span style=\"text-decoration: underline;\">voting rights at the Annual Conference<\/span>.<\/p>\n<p>The <strong>Annual Conference<\/strong> is usually convened once a year. Each Member State\u00a0of the CertiLingua network can act as host, the Member States\u00a0rotatively take over responsibility. The Annual Conference is convened and conducted by the International Steering Group. The main target of the Annual Conference is the coordination, evaluation and further development of the Label of Excellence with the goal of improving quality measures. All decisions are taken <span style=\"text-decoration: underline;\">unanimously<\/span>. The Annual Conference elects the members of the International Steering Group.<\/p>\n<p>For states\u00a0interested in a future participation in the label the Annual Conference provides an opportunity to gain\u00a0 an insight into the <strong>CertiLingua Network<\/strong>, to talk to the representatives of the Member States and to the International Steering Group. Therefore, all countries that are curious to find out more about CertiLingua are cordially invited to contact the International Steering Group and to visit the next Annual Conference.<\/p>\n<p>The following documents have been designed to assist the Member States.<\/p>\n<table border=\"0\" width=\"896\" cellspacing=\"0\" cellpadding=\"0\">\n<tbody>\n<tr>\n<th scope=\"col\">\n<h6><strong>document<\/strong><\/h6>\n<\/th>\n<th scope=\"col\">\n<h6><strong>description<\/strong><\/h6>\n<\/th>\n<th scope=\"col\">\n<h6 style=\"text-align: center;\"><\/h6>\n<\/th>\n<\/tr>\n<tr>\n<td valign=\"top\" width=\"200\" height=\"40\"><a href=\"https:\/\/www.certilingua.net\/wp-content\/uploads\/2018\/10\/Programme-Description.pdf\">CertiLingua Programme Description<\/a><\/td>\n<td valign=\"top\" width=\"200\">The programme and its goals explained in detail<\/td>\n<td valign=\"top\" width=\"91\"><\/td>\n<\/tr>\n<tr>\n<td valign=\"top\" width=\"200\" height=\"40\"><a href=\"https:\/\/www.certilingua.net\/wp-content\/uploads\/2025\/05\/Organisation-Chart.pdf\" target=\"_blank\" rel=\"noopener\">CertiLingua Organisation Chart<\/a><\/td>\n<td valign=\"top\" width=\"200\">An overview of the network&#8217;s organizational structure<\/td>\n<td valign=\"top\" width=\"91\"><\/td>\n<\/tr>\n<tr>\n<td valign=\"top\" width=\"200\" height=\"40\"><a href=\"https:\/\/www.certilingua.net\/wp-content\/uploads\/2023\/11\/Awarding-Criteria-.pdf\" target=\"_blank\" rel=\"noopener\">Awarding Criteria and Measures of Quality Control<\/a><\/td>\n<td valign=\"top\" width=\"200\">The detailed requirements and standards for students \/ schools<\/td>\n<td valign=\"top\" width=\"91\"><\/td>\n<\/tr>\n<tr>\n<td valign=\"top\" width=\"200\" height=\"40\"><a href=\"https:\/\/www.certilingua.net\/wp-content\/uploads\/2018\/10\/Memorandum.pdf\">Memorandum of Understanding<\/a><\/td>\n<td valign=\"top\" width=\"200\">The official document confirming the country&#8217;s official participation<\/td>\n<td style=\"text-align: center;\" valign=\"top\" width=\"91\"><a href=\"https:\/\/www.certilingua.net\/wp-content\/uploads\/2018\/10\/Memorandum.docx\">\u00a0download<\/a><\/td>\n<\/tr>\n<tr>\n<td valign=\"top\" width=\"200\" height=\"40\"><a href=\"https:\/\/www.certilingua.net\/wp-content\/uploads\/2018\/10\/Evaluation-Report.pdf\">Evaluation Report for\u00a0Member States<\/a><\/td>\n<td valign=\"top\" width=\"200\">The form for each country&#8217;s annual feedback to the International Steering Group<\/td>\n<td style=\"text-align: center;\" valign=\"top\" width=\"91\"><a href=\"https:\/\/www.certilingua.net\/wp-content\/uploads\/2019\/03\/Evaluationsbericht.docx\">download<\/a><\/td>\n<\/tr>\n<\/tbody>\n<\/table>\n<p>__________________________________________________<br \/>\n<a name=\"deutsch\"><\/a><\/p>\n<h3>CertiLingua f\u00fcr Mitgliedsl\u00e4nder<\/h3>\n<p>CertiLingua ist ein Programm der <strong>Erziehungsministerien<\/strong> der beteiligten <strong>Mitgliedsl\u00e4nder<\/strong><span style=\"color: #000000;\"><b>.<\/b><\/span><\/p>\n<p>Die Ministerien erkl\u00e4ren ihre Teilnahme mit der Unterzeichnung des\u00a0<strong>Memorandum of Understanding<\/strong>.<\/p>\n<p>Jedes Mitgliedsland ist daraufhin berechtigt, CertiLingua-Schulen zu akkreditieren und erh\u00e4lt ein Stimmrecht auf der internationalen <strong>CertiLingua Jahrestagung<\/strong>.<\/p>\n<p>Die <strong>CertiLingua Jahrestagung <\/strong>findet in der Regel j\u00e4hrlich statt. Jedes Mitgliedsland kann als Gastgeber fungieren. Die\u00a0CertiLingua Jahrestagung wird von der <strong>internationalen Steuergruppe<\/strong> einberufen und geleitet. Ziel der Jahrestagung ist die Koordination, Evaluation und Weiterentwicklung des Exzellenzlabels und die Ausgestaltung von Ma\u00dfnahmen der Qualit\u00e4tssicherung. Alle Beschl\u00fcsse sind <span style=\"text-decoration: underline;\">einstimmig<\/span> zu fassen.\u00a0Die Jahrestagung w\u00e4hlt auch die internationale Steuergruppe.<\/p>\n<p>F\u00fcr L\u00e4nder, die eine zuk\u00fcnftige Teilnahme am Programm erw\u00e4gen, ist die Jahrestagung eine M\u00f6glichkeit, Einblicke in das CertiLingua-Netzwerk zu erhalten, mit Vertreterinnen und Vertretern der Mitgliedsl\u00e4nder zu sprechen oder den Mitgliedern der internationalen Steuergruppe. Insofern sind alle L\u00e4nder, die neugierig auf CertiLingua sind, herzlich eingeladen die internationale Steuergruppe zu kontaktieren und an der Jahrestagung teilzunehmen.<\/p>\n<p>Die folgenden Dokumente sollen die Mitgliedsl\u00e4nder unterst\u00fctzen.<\/p>\n<table border=\"0\" width=\"896\" cellspacing=\"0\" cellpadding=\"0\">\n<tbody>\n<tr>\n<th scope=\"col\">\n<h6><strong>Dokument<\/strong><\/h6>\n<\/th>\n<th scope=\"col\">\n<h6><strong>Beschreibung<\/strong><\/h6>\n<\/th>\n<th scope=\"col\">\n<h6 style=\"text-align: center;\"><\/h6>\n<\/th>\n<\/tr>\n<tr>\n<td valign=\"top\" width=\"200\" height=\"40\"><a href=\"https:\/\/www.certilingua.net\/wp-content\/uploads\/2018\/11\/Programmbeschreibung.pdf\">CertiLingua Programmbeschreibung<\/a><\/td>\n<td valign=\"top\" width=\"200\">Das Programm und seine Ziele im Detail<\/td>\n<td valign=\"top\" width=\"91\"><\/td>\n<\/tr>\n<tr>\n<td valign=\"top\" width=\"200\"><a href=\"https:\/\/www.certilingua.net\/wp-content\/uploads\/2026\/03\/Organigramm.pdf\" target=\"_blank\" rel=\"noopener\">CertiLingua Organigramm<\/a><\/td>\n<td valign=\"top\" width=\"200\">Das Netzwerk im \u00dcberblick<\/td>\n<td valign=\"top\" width=\"91\"><\/td>\n<\/tr>\n<tr>\n<td valign=\"top\" width=\"200\"><a href=\"https:\/\/www.certilingua.net\/wp-content\/uploads\/2023\/12\/Vergabekriterien-Mailand-23.pdf\" target=\"_blank\" rel=\"noopener\">Vergabekriterien und Ma\u00dfnahmen der Qualit\u00e4tskontrolle<\/a><\/td>\n<td valign=\"top\" width=\"200\">Die detaillierten Anforderungen und Standards f\u00fcr Schulen und Sch\u00fcler<\/td>\n<td valign=\"top\" width=\"91\"><\/td>\n<\/tr>\n<tr>\n<td valign=\"top\" width=\"200\"><a href=\"https:\/\/www.certilingua.net\/wp-content\/uploads\/2018\/11\/Memorandum-Deutsch.pdf\">Memorandum of Understanding<\/a><\/td>\n<td valign=\"top\" width=\"200\">Die Basis f\u00fcr die Mitarbeit als Mitgliedsland<\/td>\n<td style=\"text-align: center;\" valign=\"top\" width=\"91\"><a href=\"https:\/\/www.certilingua.net\/wp-content\/uploads\/2018\/11\/Memorandum-Deutsch.docx\">download<\/a><\/td>\n<\/tr>\n<tr>\n<td valign=\"top\" width=\"200\"><a href=\"https:\/\/www.certilingua.net\/wp-content\/uploads\/2018\/11\/Evaluationsbericht.pdf\">Evaluationsbericht f\u00fcr Mitgliedsl\u00e4nder<\/a><\/td>\n<td valign=\"top\" width=\"200\">Der Bericht, den jedes Mitgliedsland j\u00e4hrlich bei der Internationalen Steuergruppe einreicht<\/td>\n<td style=\"text-align: center;\" valign=\"top\" width=\"91\"><a href=\"https:\/\/www.certilingua.net\/wp-content\/uploads\/2019\/03\/Evaluationsbericht.docx\">download<\/a><\/td>\n<\/tr>\n<\/tbody>\n<\/table>\n","protected":false},"excerpt":{"rendered":"<p>Deutsche Version ____________________________________________ CertiLingua is a programme of the ministries of education of the participating Member States. The ministries declare their participation by signing the Memorandum of Understanding. Each Member State\u00a0is then entitled to accredit CertiLingua Schools and gains voting rights at the Annual Conference. The Annual Conference is usually convened once a year. Each [&hellip;]<\/p>\n","protected":false},"author":1,"featured_media":0,"parent":0,"menu_order":0,"comment_status":"closed","ping_status":"closed","template":"","meta":{"footnotes":""},"aioseo_notices":[],"_links":{"self":[{"href":"https:\/\/www.certilingua.net\/index.php?rest_route=\/wp\/v2\/pages\/556"}],"collection":[{"href":"https:\/\/www.certilingua.net\/index.php?rest_route=\/wp\/v2\/pages"}],"about":[{"href":"https:\/\/www.certilingua.net\/index.php?rest_route=\/wp\/v2\/types\/page"}],"author":[{"embeddable":true,"href":"https:\/\/www.certilingua.net\/index.php?rest_route=\/wp\/v2\/users\/1"}],"replies":[{"embeddable":true,"href":"https:\/\/www.certilingua.net\/index.php?rest_route=%2Fwp%2Fv2%2Fcomments&post=556"}],"version-history":[{"count":61,"href":"https:\/\/www.certilingua.net\/index.php?rest_route=\/wp\/v2\/pages\/556\/revisions"}],"predecessor-version":[{"id":2629,"href":"https:\/\/www.certilingua.net\/index.php?rest_route=\/wp\/v2\/pages\/556\/revisions\/2629"}],"wp:attachment":[{"href":"https:\/\/www.certilingua.net\/index.php?rest_route=%2Fwp%2Fv2%2Fmedia&parent=556"}],"curies":[{"name":"wp","href":"https:\/\/api.w.org\/{rel}","templated":true}]}}