{"id":631,"date":"2016-06-25T21:56:43","date_gmt":"2016-06-25T19:56:43","guid":{"rendered":"http:\/\/www.certilingua.net\/?page_id=631"},"modified":"2018-11-06T13:26:23","modified_gmt":"2018-11-06T12:26:23","slug":"certilingua-for-partners","status":"publish","type":"page","link":"https:\/\/www.certilingua.net\/?page_id=631","title":{"rendered":"CertiLingua for Supporters"},"content":{"rendered":"<p style=\"padding-left: 480px;\"><a href=\"#deutsch\">Deutsche Version<\/a><\/p>\n<h3>____________________________________________<br \/>\n<span style=\"text-decoration: underline; color: #ff0000;\"><span style=\"text-decoration: underline;\"><a style=\"color: #ff0000; text-decoration: underline;\" href=\"https:\/\/www.certilingua.net\/?page_id=287\" target=\"_blank\" rel=\"noopener\">Our Supporters<\/a><\/span><\/span><\/h3>\n<p>The importance and success of a label of excellence accompanying school leaving examinations depend to a great extent on its familiarity and acceptance by the public.<\/p>\n<p>The CertiLingua Supporters\u00a0propagate the special significance of the CertiLingua Label of Excellence among industry, commerce, schools, universities, institutions and the public at large, and, acting through other associations (e.g. Chambers of Commerce and Industry, entrepreneurial and university associations), to ensure a greater degree of familiarity for the label of excellence. This support will also strengthen the interest and commitment of students and their schools.<\/p>\n<p>Membership of the CertiLingua Supporters\u00a0entails no costs whatsoever and has the sole function of promoting familiarity with and recognition of the CertiLingua Label of Excellence in commerce, industry and universities, possibly offering work placements to CertiLingua applicants and contributing reports on experience with the employment of CertiLingua certificate holders.<\/p>\n<p>It is of special importance to be able to point specifically to support from leading businesses and universities at events and congresses, and to be permitted to name them. This publicity effect of the label of excellence is further enhanced by displaying\u00a0all CertiLingua Supporters on the CertiLingua website.<\/p>\n<p><a href=\"https:\/\/www.certilingua.net\/?page_id=287\" target=\"_blank\" rel=\"noopener\"><span style=\"color: #ff0000;\">see all supporters<\/span><\/a><\/p>\n<p><a href=\"https:\/\/www.certilingua.net\/?page_id=287\" target=\"_blank\" rel=\"noopener\">\u00a0<\/a><br \/>\n<a href=\"https:\/\/www.certilingua.net\/?page_id=287\" target=\"_blank\" rel=\"noopener\"> \u00a0<\/a><br \/>\n<a href=\"https:\/\/www.certilingua.net\/?page_id=287\" target=\"_blank\" rel=\"noopener\"> \u00a0<\/a><br \/>\n<a href=\"https:\/\/www.certilingua.net\/?page_id=287\" target=\"_blank\" rel=\"noopener\"> \u00a0<\/a><br \/>\n<a href=\"https:\/\/www.certilingua.net\/?page_id=287\" target=\"_blank\" rel=\"noopener\"> \u00a0<\/a><br \/>\n<a href=\"https:\/\/www.certilingua.net\/?page_id=287\" target=\"_blank\" rel=\"noopener\"> \u00a0<\/a><br \/>\n<a href=\"https:\/\/www.certilingua.net\/?page_id=287\" target=\"_blank\" rel=\"noopener\"> \u00a0<\/a><br \/>\n<a href=\"https:\/\/www.certilingua.net\/?page_id=287\" target=\"_blank\" rel=\"noopener\"> \u00a0<\/a><br \/>\n<a href=\"https:\/\/www.certilingua.net\/?page_id=287\" target=\"_blank\" rel=\"noopener\"> ______________________________________________________<\/a><br \/>\n<a href=\"https:\/\/www.certilingua.net\/?page_id=287\" target=\"_blank\" rel=\"noopener\"> \u00a0<\/a><br \/>\n<a href=\"https:\/\/www.certilingua.net\/?page_id=287\" target=\"_blank\" rel=\"noopener\"> \u00a0<\/a><br \/>\n<a href=\"https:\/\/www.certilingua.net\/?page_id=287\" target=\"_blank\" rel=\"noopener\"> \u00a0<\/a><\/p>\n<p><a name=\"deutsch\"><\/a><\/p>\n<h3><span style=\"color: #ff0000;\"><a style=\"color: #ff0000;\" href=\"https:\/\/www.certilingua.net\/?page_id=287\" target=\"_blank\" rel=\"noopener\">unsere Unterst\u00fctzer<\/a><\/span><\/h3>\n<p>&nbsp;<\/p>\n<p>Die Bedeutung und der Erfolg eines Exzellenzlabels zum Abitur h\u00e4ngen in hohem Ma\u00dfe vom Bekanntheitsgrad und der Anerkennung in der \u00d6ffentlichkeit ab.<\/p>\n<p>Die CertiLingua <em>Supporter<\/em> tragen die besondere Bedeutung des CertiLingua Exzellenzlabels in die Kreise von Industrie, Wirtschaft, Schule, Hochschule, Institutionen und die \u00d6ffentlichkeit und sorgen \u00fcber weitere Verb\u00e4nde (z.B. Industrie- und Handelskammern, Unternehmerverb\u00e4nde, Hochschulverb\u00e4nde) f\u00fcr einen h\u00f6heren Bekanntheitsgrad des Exzellenzlabels. Diese Unterst\u00fctzung st\u00e4rkt auch das Interesse und Engagement auf Seiten der Sch\u00fclerinnen und Sch\u00fcler und ihrer Schulen.<br \/>\nDie Mitgliedschaft in diesem F\u00f6rderkreis ist mit keinerlei Mitgliedsbeitr\u00e4gen verbunden und hat allein die Funktion, das Exzellenzlabel CertiLingua in seiner Anerkennung und in seinem Bekanntheitsgrad in Wirtschaft, Industrie und Hochschulen zu f\u00f6rdern und die CertiLingua &#8211; Absolventinnen und Absolventen beispielsweise durch Bildungsangebote oder Praktikumspl\u00e4tze zu unterst\u00fctzen.<br \/>\nDie Au\u00dfenwirksamkeit des Exzellenzlabels wird dar\u00fcber hinaus erh\u00f6ht, wenn auf Veranstaltungen und Kongressen explizit auf die Unterst\u00fctzung durch f\u00fchrende Unternehmen und Hochschulen hingewiesen werden kann und die Unterst\u00fctzer auf der Internetseite zu CertiLingua mit Logo und ggf. kurzem Statement aufgef\u00fchrt werden k\u00f6nnen.<\/p>\n<p><a href=\"https:\/\/www.certilingua.net\/?page_id=287\" target=\"_blank\" rel=\"noopener\"><span style=\"color: #ff0000;\">unsere Unterst\u00fctzer\u00a0finden Sie hier<\/span><\/a><\/p>\n","protected":false},"excerpt":{"rendered":"<p>Deutsche Version ____________________________________________ Our Supporters The importance and success of a label of excellence accompanying school leaving examinations depend to a great extent on its familiarity and acceptance by the public. The CertiLingua Supporters\u00a0propagate the special significance of the CertiLingua Label of Excellence among industry, commerce, schools, universities, institutions and the public at large, and, [&hellip;]<\/p>\n","protected":false},"author":1,"featured_media":0,"parent":0,"menu_order":0,"comment_status":"closed","ping_status":"closed","template":"","meta":{"footnotes":""},"aioseo_notices":[],"_links":{"self":[{"href":"https:\/\/www.certilingua.net\/index.php?rest_route=\/wp\/v2\/pages\/631"}],"collection":[{"href":"https:\/\/www.certilingua.net\/index.php?rest_route=\/wp\/v2\/pages"}],"about":[{"href":"https:\/\/www.certilingua.net\/index.php?rest_route=\/wp\/v2\/types\/page"}],"author":[{"embeddable":true,"href":"https:\/\/www.certilingua.net\/index.php?rest_route=\/wp\/v2\/users\/1"}],"replies":[{"embeddable":true,"href":"https:\/\/www.certilingua.net\/index.php?rest_route=%2Fwp%2Fv2%2Fcomments&post=631"}],"version-history":[{"count":19,"href":"https:\/\/www.certilingua.net\/index.php?rest_route=\/wp\/v2\/pages\/631\/revisions"}],"predecessor-version":[{"id":1185,"href":"https:\/\/www.certilingua.net\/index.php?rest_route=\/wp\/v2\/pages\/631\/revisions\/1185"}],"wp:attachment":[{"href":"https:\/\/www.certilingua.net\/index.php?rest_route=%2Fwp%2Fv2%2Fmedia&parent=631"}],"curies":[{"name":"wp","href":"https:\/\/api.w.org\/{rel}","templated":true}]}}